{"id":35,"date":"2018-03-09T15:12:29","date_gmt":"2018-03-09T14:12:29","guid":{"rendered":"http:\/\/www.ice-conseil.fr\/blog\/index.php\/politique-de-cookie\/"},"modified":"2018-03-09T15:12:29","modified_gmt":"2018-03-09T14:12:29","slug":"politique-de-cookie","status":"publish","type":"page","link":"https:\/\/www.ice-conseil.fr\/blog\/index.php\/politique-de-cookie\/","title":{"rendered":"Politique de cookie"},"content":{"rendered":"<p>Ce site utilise des cookies &#8211; de petits fichiers texte qui sont plac\u00e9s sur votre machine pour aider le site \u00e0 fournir une meilleure exp\u00e9rience utilisateur. En g\u00e9n\u00e9ral, les cookies sont utilis\u00e9s pour conserver les pr\u00e9f\u00e9rences de l&#8217;utilisateur, stocker des informations pour des choses comme les paniers d&#8217;achat et fournir des donn\u00e9es de suivi anonymis\u00e9es \u00e0 des applications tierces comme Google Analytics. En r\u00e8gle g\u00e9n\u00e9rale, les cookies rendront votre exp\u00e9rience de navigation meilleure. Toutefois, vous pouvez pr\u00e9f\u00e9rer d\u00e9sactiver les cookies sur ce site et sur d&#8217;autres. Le moyen le plus efficace consiste \u00e0 d\u00e9sactiver les cookies dans votre navigateur. Nous vous sugg\u00e9rons de consulter la section Aide de votre navigateur ou de consulter le site Web <a href=\"http:\/\/www.aboutcookies.org\">\u00c0 propos des cookies<\/a> (en anglais) qui propose des conseils pour tous les navigateurs modernes.<\/p>\n","protected":false},"excerpt":{"rendered":"<p>Ce site utilise des cookies &#8211; de petits fichiers texte qui sont plac\u00e9s sur votre machine pour aider le site \u00e0 fournir une meilleure exp\u00e9rience utilisateur. En g\u00e9n\u00e9ral, les cookies sont utilis\u00e9s pour conserver les pr\u00e9f\u00e9rences de l&#8217;utilisateur, stocker des <a href=\"https:\/\/www.ice-conseil.fr\/blog\/index.php\/politique-de-cookie\/\"> Read more&#8230;<\/a><\/p>\n","protected":false},"author":1,"featured_media":0,"parent":0,"menu_order":0,"comment_status":"closed","ping_status":"closed","template":"","meta":{"footnotes":""},"yoast_head":"<!-- This site is optimized with the Yoast SEO plugin v19.6 - https:\/\/yoast.com\/wordpress\/plugins\/seo\/ -->\n<title>Politique de cookie - Le Blog I.C.E Conseil<\/title>\n<meta name=\"robots\" content=\"index, follow, max-snippet:-1, max-image-preview:large, max-video-preview:-1\" \/>\n<link rel=\"canonical\" href=\"https:\/\/www.ice-conseil.fr\/blog\/index.php\/politique-de-cookie\/\" \/>\n<meta property=\"og:locale\" content=\"fr_FR\" \/>\n<meta property=\"og:type\" content=\"article\" \/>\n<meta property=\"og:title\" content=\"Politique de cookie - Le Blog I.C.E Conseil\" \/>\n<meta property=\"og:description\" content=\"Ce site utilise des cookies &#8211; de petits fichiers texte qui sont plac\u00e9s sur votre machine pour aider le site \u00e0 fournir une meilleure exp\u00e9rience utilisateur. En g\u00e9n\u00e9ral, les cookies sont utilis\u00e9s pour conserver les pr\u00e9f\u00e9rences de l&#8217;utilisateur, stocker des Read more&#8230;\" \/>\n<meta property=\"og:url\" content=\"https:\/\/www.ice-conseil.fr\/blog\/index.php\/politique-de-cookie\/\" \/>\n<meta property=\"og:site_name\" content=\"Le Blog I.C.E Conseil\" \/>\n<meta name=\"twitter:card\" content=\"summary_large_image\" \/>\n<meta name=\"twitter:label1\" content=\"Dur\u00e9e de lecture estim\u00e9e\" \/>\n\t<meta name=\"twitter:data1\" content=\"1 minute\" \/>\n<script type=\"application\/ld+json\" class=\"yoast-schema-graph\">{\"@context\":\"https:\/\/schema.org\",\"@graph\":[{\"@type\":\"WebPage\",\"@id\":\"https:\/\/www.ice-conseil.fr\/blog\/index.php\/politique-de-cookie\/\",\"url\":\"https:\/\/www.ice-conseil.fr\/blog\/index.php\/politique-de-cookie\/\",\"name\":\"Politique de cookie - Le Blog I.C.E Conseil\",\"isPartOf\":{\"@id\":\"https:\/\/www.ice-conseil.fr\/blog\/#website\"},\"datePublished\":\"2018-03-09T14:12:29+00:00\",\"dateModified\":\"2018-03-09T14:12:29+00:00\",\"breadcrumb\":{\"@id\":\"https:\/\/www.ice-conseil.fr\/blog\/index.php\/politique-de-cookie\/#breadcrumb\"},\"inLanguage\":\"fr-FR\",\"potentialAction\":[{\"@type\":\"ReadAction\",\"target\":[\"https:\/\/www.ice-conseil.fr\/blog\/index.php\/politique-de-cookie\/\"]}]},{\"@type\":\"BreadcrumbList\",\"@id\":\"https:\/\/www.ice-conseil.fr\/blog\/index.php\/politique-de-cookie\/#breadcrumb\",\"itemListElement\":[{\"@type\":\"ListItem\",\"position\":1,\"name\":\"Accueil\",\"item\":\"https:\/\/www.ice-conseil.fr\/blog\/\"},{\"@type\":\"ListItem\",\"position\":2,\"name\":\"Politique de cookie\"}]},{\"@type\":\"WebSite\",\"@id\":\"https:\/\/www.ice-conseil.fr\/blog\/#website\",\"url\":\"https:\/\/www.ice-conseil.fr\/blog\/\",\"name\":\"Le Blog I.C.E Conseil\",\"description\":\"Les actualit\u00e9s ICPE pr\u00e9sent\u00e9es par Ice Conseil\",\"publisher\":{\"@id\":\"https:\/\/www.ice-conseil.fr\/blog\/#organization\"},\"potentialAction\":[{\"@type\":\"SearchAction\",\"target\":{\"@type\":\"EntryPoint\",\"urlTemplate\":\"https:\/\/www.ice-conseil.fr\/blog\/?s={search_term_string}\"},\"query-input\":\"required name=search_term_string\"}],\"inLanguage\":\"fr-FR\"},{\"@type\":\"Organization\",\"@id\":\"https:\/\/www.ice-conseil.fr\/blog\/#organization\",\"name\":\"ICE conseil\",\"url\":\"https:\/\/www.ice-conseil.fr\/blog\/\",\"sameAs\":[],\"logo\":{\"@type\":\"ImageObject\",\"inLanguage\":\"fr-FR\",\"@id\":\"https:\/\/www.ice-conseil.fr\/blog\/#\/schema\/logo\/image\/\",\"url\":\"https:\/\/www.ice-conseil.fr\/blog\/wp-content\/uploads\/2018\/03\/Logo-22-CMJN.png\",\"contentUrl\":\"https:\/\/www.ice-conseil.fr\/blog\/wp-content\/uploads\/2018\/03\/Logo-22-CMJN.png\",\"width\":1101,\"height\":250,\"caption\":\"ICE conseil\"},\"image\":{\"@id\":\"https:\/\/www.ice-conseil.fr\/blog\/#\/schema\/logo\/image\/\"}}]}<\/script>\n<!-- \/ Yoast SEO plugin. -->","yoast_head_json":{"title":"Politique de cookie - Le Blog I.C.E Conseil","robots":{"index":"index","follow":"follow","max-snippet":"max-snippet:-1","max-image-preview":"max-image-preview:large","max-video-preview":"max-video-preview:-1"},"canonical":"https:\/\/www.ice-conseil.fr\/blog\/index.php\/politique-de-cookie\/","og_locale":"fr_FR","og_type":"article","og_title":"Politique de cookie - Le Blog I.C.E Conseil","og_description":"Ce site utilise des cookies &#8211; de petits fichiers texte qui sont plac\u00e9s sur votre machine pour aider le site \u00e0 fournir une meilleure exp\u00e9rience utilisateur. En g\u00e9n\u00e9ral, les cookies sont utilis\u00e9s pour conserver les pr\u00e9f\u00e9rences de l&#8217;utilisateur, stocker des Read more&#8230;","og_url":"https:\/\/www.ice-conseil.fr\/blog\/index.php\/politique-de-cookie\/","og_site_name":"Le Blog I.C.E Conseil","twitter_card":"summary_large_image","twitter_misc":{"Dur\u00e9e de lecture estim\u00e9e":"1 minute"},"schema":{"@context":"https:\/\/schema.org","@graph":[{"@type":"WebPage","@id":"https:\/\/www.ice-conseil.fr\/blog\/index.php\/politique-de-cookie\/","url":"https:\/\/www.ice-conseil.fr\/blog\/index.php\/politique-de-cookie\/","name":"Politique de cookie - Le Blog I.C.E Conseil","isPartOf":{"@id":"https:\/\/www.ice-conseil.fr\/blog\/#website"},"datePublished":"2018-03-09T14:12:29+00:00","dateModified":"2018-03-09T14:12:29+00:00","breadcrumb":{"@id":"https:\/\/www.ice-conseil.fr\/blog\/index.php\/politique-de-cookie\/#breadcrumb"},"inLanguage":"fr-FR","potentialAction":[{"@type":"ReadAction","target":["https:\/\/www.ice-conseil.fr\/blog\/index.php\/politique-de-cookie\/"]}]},{"@type":"BreadcrumbList","@id":"https:\/\/www.ice-conseil.fr\/blog\/index.php\/politique-de-cookie\/#breadcrumb","itemListElement":[{"@type":"ListItem","position":1,"name":"Accueil","item":"https:\/\/www.ice-conseil.fr\/blog\/"},{"@type":"ListItem","position":2,"name":"Politique de cookie"}]},{"@type":"WebSite","@id":"https:\/\/www.ice-conseil.fr\/blog\/#website","url":"https:\/\/www.ice-conseil.fr\/blog\/","name":"Le Blog I.C.E Conseil","description":"Les actualit\u00e9s ICPE pr\u00e9sent\u00e9es par Ice Conseil","publisher":{"@id":"https:\/\/www.ice-conseil.fr\/blog\/#organization"},"potentialAction":[{"@type":"SearchAction","target":{"@type":"EntryPoint","urlTemplate":"https:\/\/www.ice-conseil.fr\/blog\/?s={search_term_string}"},"query-input":"required name=search_term_string"}],"inLanguage":"fr-FR"},{"@type":"Organization","@id":"https:\/\/www.ice-conseil.fr\/blog\/#organization","name":"ICE conseil","url":"https:\/\/www.ice-conseil.fr\/blog\/","sameAs":[],"logo":{"@type":"ImageObject","inLanguage":"fr-FR","@id":"https:\/\/www.ice-conseil.fr\/blog\/#\/schema\/logo\/image\/","url":"https:\/\/www.ice-conseil.fr\/blog\/wp-content\/uploads\/2018\/03\/Logo-22-CMJN.png","contentUrl":"https:\/\/www.ice-conseil.fr\/blog\/wp-content\/uploads\/2018\/03\/Logo-22-CMJN.png","width":1101,"height":250,"caption":"ICE conseil"},"image":{"@id":"https:\/\/www.ice-conseil.fr\/blog\/#\/schema\/logo\/image\/"}}]}},"post_mailing_queue_ids":[],"_links":{"self":[{"href":"https:\/\/www.ice-conseil.fr\/blog\/index.php\/wp-json\/wp\/v2\/pages\/35"}],"collection":[{"href":"https:\/\/www.ice-conseil.fr\/blog\/index.php\/wp-json\/wp\/v2\/pages"}],"about":[{"href":"https:\/\/www.ice-conseil.fr\/blog\/index.php\/wp-json\/wp\/v2\/types\/page"}],"author":[{"embeddable":true,"href":"https:\/\/www.ice-conseil.fr\/blog\/index.php\/wp-json\/wp\/v2\/users\/1"}],"replies":[{"embeddable":true,"href":"https:\/\/www.ice-conseil.fr\/blog\/index.php\/wp-json\/wp\/v2\/comments?post=35"}],"version-history":[{"count":0,"href":"https:\/\/www.ice-conseil.fr\/blog\/index.php\/wp-json\/wp\/v2\/pages\/35\/revisions"}],"wp:attachment":[{"href":"https:\/\/www.ice-conseil.fr\/blog\/index.php\/wp-json\/wp\/v2\/media?parent=35"}],"curies":[{"name":"wp","href":"https:\/\/api.w.org\/{rel}","templated":true}]}}