{"id":14,"date":"2018-03-01T16:43:37","date_gmt":"2018-03-01T15:43:37","guid":{"rendered":"http:\/\/www.ice-conseil.fr\/blog\/?page_id=14"},"modified":"2018-03-30T11:40:57","modified_gmt":"2018-03-30T09:40:57","slug":"flux-dinformation-officielles","status":"publish","type":"page","link":"https:\/\/www.ice-conseil.fr\/blog\/index.php\/flux-dinformation-officielles\/","title":{"rendered":"Flux d&#8217;informations officielles"},"content":{"rendered":"\t\t<div data-elementor-type=\"wp-post\" data-elementor-id=\"14\" class=\"elementor elementor-14 elementor-bc-flex-widget\">\n\t\t\t\t\t\t<div class=\"elementor-inner\">\n\t\t\t\t<div class=\"elementor-section-wrap\">\n\t\t\t\t\t\t\t\t\t<section class=\"elementor-section elementor-top-section elementor-element elementor-element-3c3ee620 elementor-section-boxed elementor-section-height-default elementor-section-height-default\" data-id=\"3c3ee620\" data-element_type=\"section\">\n\t\t\t\t\t\t<div class=\"elementor-container elementor-column-gap-default\">\n\t\t\t\t\t\t\t<div class=\"elementor-row\">\n\t\t\t\t\t<div class=\"elementor-column elementor-col-100 elementor-top-column elementor-element elementor-element-6d5f795c\" data-id=\"6d5f795c\" data-element_type=\"column\">\n\t\t\t<div class=\"elementor-column-wrap elementor-element-populated\">\n\t\t\t\t\t\t\t<div class=\"elementor-widget-wrap\">\n\t\t\t\t\t\t<div class=\"elementor-element elementor-element-249fa898 elementor-widget elementor-widget-text-editor\" data-id=\"249fa898\" data-element_type=\"widget\" data-widget_type=\"text-editor.default\">\n\t\t\t\t<div class=\"elementor-widget-container\">\n\t\t\t\t\t\t\t\t<div class=\"elementor-text-editor elementor-clearfix\">\n\t\t\t\t<div class=\"feedzy-rss feedzy-abeb6095f45af3d18a79658fc0e3ee13\"><div class=\"rss_header\"><h2><a href=\"\" class=\"rss_title\" rel=\"noopener\"><\/a> <span class=\"rss_description\"> <\/span><\/h2><\/div><ul>Feed has no items.<\/ul> <\/div>\t\t\t\t\t<\/div>\n\t\t\t\t\t\t<\/div>\n\t\t\t\t<\/div>\n\t\t\t\t\t\t<\/div>\n\t\t\t\t\t<\/div>\n\t\t<\/div>\n\t\t\t\t\t\t\t\t<\/div>\n\t\t\t\t\t<\/div>\n\t\t<\/section>\n\t\t\t\t<section class=\"elementor-section elementor-top-section elementor-element elementor-element-754e4f2 elementor-section-boxed elementor-section-height-default elementor-section-height-default\" data-id=\"754e4f2\" data-element_type=\"section\">\n\t\t\t\t\t\t<div class=\"elementor-container elementor-column-gap-default\">\n\t\t\t\t\t\t\t<div class=\"elementor-row\">\n\t\t\t\t\t<div class=\"elementor-column elementor-col-100 elementor-top-column elementor-element elementor-element-f7947c6\" data-id=\"f7947c6\" data-element_type=\"column\">\n\t\t\t<div class=\"elementor-column-wrap elementor-element-populated\">\n\t\t\t\t\t\t\t<div class=\"elementor-widget-wrap\">\n\t\t\t\t\t\t<div class=\"elementor-element elementor-element-113e395 elementor-widget elementor-widget-text-editor\" data-id=\"113e395\" data-element_type=\"widget\" data-widget_type=\"text-editor.default\">\n\t\t\t\t<div class=\"elementor-widget-container\">\n\t\t\t\t\t\t\t\t<div class=\"elementor-text-editor elementor-clearfix\">\n\t\t\t\t<p>source :\u00a0<b style=\"color: #000000; font-family: Verdana; font-size: 12.319999694824219px; text-align: justify;\">Minist\u00e8re de la Transition \u00e9cologique et solidaire<\/b><\/p><p><span style=\"font-family: Roboto, sans-serif; font-size: 14px;\">http:\/\/www.installationsclassees.developpement-durable.gouv.fr<\/span><b style=\"color: #000000; font-family: Verdana; font-size: 12.319999694824219px; text-align: justify;\">\u00a0<\/b><\/p>\t\t\t\t\t<\/div>\n\t\t\t\t\t\t<\/div>\n\t\t\t\t<\/div>\n\t\t\t\t\t\t<\/div>\n\t\t\t\t\t<\/div>\n\t\t<\/div>\n\t\t\t\t\t\t\t\t<\/div>\n\t\t\t\t\t<\/div>\n\t\t<\/section>\n\t\t\t\t\t\t\t\t\t<\/div>\n\t\t\t<\/div>\n\t\t\t\t\t<\/div>\n\t\t","protected":false},"excerpt":{"rendered":"<p>source :\u00a0Minist\u00e8re de la Transition \u00e9cologique et solidaire http:\/\/www.installationsclassees.developpement-durable.gouv.fr\u00a0<\/p>\n","protected":false},"author":1,"featured_media":0,"parent":0,"menu_order":0,"comment_status":"closed","ping_status":"closed","template":"","meta":{"footnotes":""},"yoast_head":"<!-- This site is optimized with the Yoast SEO plugin v19.6 - https:\/\/yoast.com\/wordpress\/plugins\/seo\/ -->\n<title>Flux d&#039;informations officielles - Le Blog I.C.E Conseil<\/title>\n<meta name=\"robots\" content=\"index, follow, max-snippet:-1, max-image-preview:large, max-video-preview:-1\" \/>\n<link rel=\"canonical\" href=\"https:\/\/www.ice-conseil.fr\/blog\/index.php\/flux-dinformation-officielles\/\" \/>\n<meta property=\"og:locale\" content=\"fr_FR\" \/>\n<meta property=\"og:type\" content=\"article\" \/>\n<meta property=\"og:title\" content=\"Flux d&#039;informations officielles - Le Blog I.C.E Conseil\" \/>\n<meta property=\"og:description\" content=\"source :\u00a0Minist\u00e8re de la Transition \u00e9cologique et solidaire http:\/\/www.installationsclassees.developpement-durable.gouv.fr\u00a0\" \/>\n<meta property=\"og:url\" content=\"https:\/\/www.ice-conseil.fr\/blog\/index.php\/flux-dinformation-officielles\/\" \/>\n<meta property=\"og:site_name\" content=\"Le Blog I.C.E Conseil\" \/>\n<meta property=\"article:modified_time\" content=\"2018-03-30T09:40:57+00:00\" \/>\n<meta name=\"twitter:card\" content=\"summary_large_image\" \/>\n<script type=\"application\/ld+json\" class=\"yoast-schema-graph\">{\"@context\":\"https:\/\/schema.org\",\"@graph\":[{\"@type\":\"WebPage\",\"@id\":\"https:\/\/www.ice-conseil.fr\/blog\/index.php\/flux-dinformation-officielles\/\",\"url\":\"https:\/\/www.ice-conseil.fr\/blog\/index.php\/flux-dinformation-officielles\/\",\"name\":\"Flux d'informations officielles - Le Blog I.C.E Conseil\",\"isPartOf\":{\"@id\":\"https:\/\/www.ice-conseil.fr\/blog\/#website\"},\"datePublished\":\"2018-03-01T15:43:37+00:00\",\"dateModified\":\"2018-03-30T09:40:57+00:00\",\"breadcrumb\":{\"@id\":\"https:\/\/www.ice-conseil.fr\/blog\/index.php\/flux-dinformation-officielles\/#breadcrumb\"},\"inLanguage\":\"fr-FR\",\"potentialAction\":[{\"@type\":\"ReadAction\",\"target\":[\"https:\/\/www.ice-conseil.fr\/blog\/index.php\/flux-dinformation-officielles\/\"]}]},{\"@type\":\"BreadcrumbList\",\"@id\":\"https:\/\/www.ice-conseil.fr\/blog\/index.php\/flux-dinformation-officielles\/#breadcrumb\",\"itemListElement\":[{\"@type\":\"ListItem\",\"position\":1,\"name\":\"Accueil\",\"item\":\"https:\/\/www.ice-conseil.fr\/blog\/\"},{\"@type\":\"ListItem\",\"position\":2,\"name\":\"Flux d&rsquo;informations officielles\"}]},{\"@type\":\"WebSite\",\"@id\":\"https:\/\/www.ice-conseil.fr\/blog\/#website\",\"url\":\"https:\/\/www.ice-conseil.fr\/blog\/\",\"name\":\"Le Blog I.C.E Conseil\",\"description\":\"Les actualit\u00e9s ICPE pr\u00e9sent\u00e9es par Ice Conseil\",\"publisher\":{\"@id\":\"https:\/\/www.ice-conseil.fr\/blog\/#organization\"},\"potentialAction\":[{\"@type\":\"SearchAction\",\"target\":{\"@type\":\"EntryPoint\",\"urlTemplate\":\"https:\/\/www.ice-conseil.fr\/blog\/?s={search_term_string}\"},\"query-input\":\"required name=search_term_string\"}],\"inLanguage\":\"fr-FR\"},{\"@type\":\"Organization\",\"@id\":\"https:\/\/www.ice-conseil.fr\/blog\/#organization\",\"name\":\"ICE conseil\",\"url\":\"https:\/\/www.ice-conseil.fr\/blog\/\",\"sameAs\":[],\"logo\":{\"@type\":\"ImageObject\",\"inLanguage\":\"fr-FR\",\"@id\":\"https:\/\/www.ice-conseil.fr\/blog\/#\/schema\/logo\/image\/\",\"url\":\"https:\/\/www.ice-conseil.fr\/blog\/wp-content\/uploads\/2018\/03\/Logo-22-CMJN.png\",\"contentUrl\":\"https:\/\/www.ice-conseil.fr\/blog\/wp-content\/uploads\/2018\/03\/Logo-22-CMJN.png\",\"width\":1101,\"height\":250,\"caption\":\"ICE conseil\"},\"image\":{\"@id\":\"https:\/\/www.ice-conseil.fr\/blog\/#\/schema\/logo\/image\/\"}}]}<\/script>\n<!-- \/ Yoast SEO plugin. -->","yoast_head_json":{"title":"Flux d'informations officielles - Le Blog I.C.E Conseil","robots":{"index":"index","follow":"follow","max-snippet":"max-snippet:-1","max-image-preview":"max-image-preview:large","max-video-preview":"max-video-preview:-1"},"canonical":"https:\/\/www.ice-conseil.fr\/blog\/index.php\/flux-dinformation-officielles\/","og_locale":"fr_FR","og_type":"article","og_title":"Flux d'informations officielles - Le Blog I.C.E Conseil","og_description":"source :\u00a0Minist\u00e8re de la Transition \u00e9cologique et solidaire http:\/\/www.installationsclassees.developpement-durable.gouv.fr\u00a0","og_url":"https:\/\/www.ice-conseil.fr\/blog\/index.php\/flux-dinformation-officielles\/","og_site_name":"Le Blog I.C.E Conseil","article_modified_time":"2018-03-30T09:40:57+00:00","twitter_card":"summary_large_image","schema":{"@context":"https:\/\/schema.org","@graph":[{"@type":"WebPage","@id":"https:\/\/www.ice-conseil.fr\/blog\/index.php\/flux-dinformation-officielles\/","url":"https:\/\/www.ice-conseil.fr\/blog\/index.php\/flux-dinformation-officielles\/","name":"Flux d'informations officielles - Le Blog I.C.E Conseil","isPartOf":{"@id":"https:\/\/www.ice-conseil.fr\/blog\/#website"},"datePublished":"2018-03-01T15:43:37+00:00","dateModified":"2018-03-30T09:40:57+00:00","breadcrumb":{"@id":"https:\/\/www.ice-conseil.fr\/blog\/index.php\/flux-dinformation-officielles\/#breadcrumb"},"inLanguage":"fr-FR","potentialAction":[{"@type":"ReadAction","target":["https:\/\/www.ice-conseil.fr\/blog\/index.php\/flux-dinformation-officielles\/"]}]},{"@type":"BreadcrumbList","@id":"https:\/\/www.ice-conseil.fr\/blog\/index.php\/flux-dinformation-officielles\/#breadcrumb","itemListElement":[{"@type":"ListItem","position":1,"name":"Accueil","item":"https:\/\/www.ice-conseil.fr\/blog\/"},{"@type":"ListItem","position":2,"name":"Flux d&rsquo;informations officielles"}]},{"@type":"WebSite","@id":"https:\/\/www.ice-conseil.fr\/blog\/#website","url":"https:\/\/www.ice-conseil.fr\/blog\/","name":"Le Blog I.C.E Conseil","description":"Les actualit\u00e9s ICPE pr\u00e9sent\u00e9es par Ice Conseil","publisher":{"@id":"https:\/\/www.ice-conseil.fr\/blog\/#organization"},"potentialAction":[{"@type":"SearchAction","target":{"@type":"EntryPoint","urlTemplate":"https:\/\/www.ice-conseil.fr\/blog\/?s={search_term_string}"},"query-input":"required name=search_term_string"}],"inLanguage":"fr-FR"},{"@type":"Organization","@id":"https:\/\/www.ice-conseil.fr\/blog\/#organization","name":"ICE conseil","url":"https:\/\/www.ice-conseil.fr\/blog\/","sameAs":[],"logo":{"@type":"ImageObject","inLanguage":"fr-FR","@id":"https:\/\/www.ice-conseil.fr\/blog\/#\/schema\/logo\/image\/","url":"https:\/\/www.ice-conseil.fr\/blog\/wp-content\/uploads\/2018\/03\/Logo-22-CMJN.png","contentUrl":"https:\/\/www.ice-conseil.fr\/blog\/wp-content\/uploads\/2018\/03\/Logo-22-CMJN.png","width":1101,"height":250,"caption":"ICE conseil"},"image":{"@id":"https:\/\/www.ice-conseil.fr\/blog\/#\/schema\/logo\/image\/"}}]}},"post_mailing_queue_ids":[],"_links":{"self":[{"href":"https:\/\/www.ice-conseil.fr\/blog\/index.php\/wp-json\/wp\/v2\/pages\/14"}],"collection":[{"href":"https:\/\/www.ice-conseil.fr\/blog\/index.php\/wp-json\/wp\/v2\/pages"}],"about":[{"href":"https:\/\/www.ice-conseil.fr\/blog\/index.php\/wp-json\/wp\/v2\/types\/page"}],"author":[{"embeddable":true,"href":"https:\/\/www.ice-conseil.fr\/blog\/index.php\/wp-json\/wp\/v2\/users\/1"}],"replies":[{"embeddable":true,"href":"https:\/\/www.ice-conseil.fr\/blog\/index.php\/wp-json\/wp\/v2\/comments?post=14"}],"version-history":[{"count":5,"href":"https:\/\/www.ice-conseil.fr\/blog\/index.php\/wp-json\/wp\/v2\/pages\/14\/revisions"}],"predecessor-version":[{"id":117,"href":"https:\/\/www.ice-conseil.fr\/blog\/index.php\/wp-json\/wp\/v2\/pages\/14\/revisions\/117"}],"wp:attachment":[{"href":"https:\/\/www.ice-conseil.fr\/blog\/index.php\/wp-json\/wp\/v2\/media?parent=14"}],"curies":[{"name":"wp","href":"https:\/\/api.w.org\/{rel}","templated":true}]}}